{"id":723,"date":"2020-09-30T16:56:27","date_gmt":"2020-09-30T14:56:27","guid":{"rendered":"https:\/\/les-plaisirs-gourmands.com\/le-restaurant\/"},"modified":"2025-06-13T10:06:29","modified_gmt":"2025-06-13T08:06:29","slug":"das-restaurant","status":"publish","type":"page","link":"https:\/\/les-plaisirs-gourmands.com\/de\/das-restaurant\/","title":{"rendered":"Das Restaurant"},"content":{"rendered":"\t\t<div data-elementor-type=\"wp-page\" data-elementor-id=\"723\" class=\"elementor elementor-723 elementor-129\" data-elementor-post-type=\"page\">\n\t\t\t\t\t\t<section class=\"elementor-section elementor-top-section elementor-element elementor-element-b790842 elementor-section-height-min-height elementor-section-items-stretch elementor-section-full_width elementor-section-content-bottom elementor-section-height-default\" data-id=\"b790842\" data-element_type=\"section\" data-e-type=\"section\">\n\t\t\t\t\t\t\t<div class=\"elementor-background-overlay\"><\/div>\n\t\t\t\t\t\t\t<div class=\"elementor-container elementor-column-gap-default\">\n\t\t\t\t\t<div class=\"elementor-column elementor-col-100 elementor-top-column elementor-element elementor-element-2471280\" data-id=\"2471280\" data-element_type=\"column\" data-e-type=\"column\" data-settings=\"{&quot;background_background&quot;:&quot;classic&quot;}\">\n\t\t\t<div class=\"elementor-widget-wrap elementor-element-populated\">\n\t\t\t\t\t\t<div class=\"elementor-element elementor-element-7a478fd elementor-widget elementor-widget-heading\" data-id=\"7a478fd\" data-element_type=\"widget\" data-e-type=\"widget\" data-widget_type=\"heading.default\">\n\t\t\t\t\t<h1 class=\"elementor-heading-title elementor-size-default\">DAS TEAM<\/h1>\t\t\t\t<\/div>\n\t\t\t\t<div class=\"elementor-element elementor-element-2dc950e elementor-widget elementor-widget-heading\" data-id=\"2dc950e\" data-element_type=\"widget\" data-e-type=\"widget\" data-widget_type=\"heading.default\">\n\t\t\t\t\t<div class=\"elementor-heading-title elementor-size-default\">Guillaume SCHEER, Charlotte SCHEER.<\/div>\t\t\t\t<\/div>\n\t\t\t\t\t<\/div>\n\t\t<\/div>\n\t\t\t\t\t<\/div>\n\t\t<\/section>\n\t\t\t\t<section class=\"elementor-section elementor-top-section elementor-element elementor-element-c4bc5b3 elementor-section-boxed elementor-section-height-default elementor-section-height-default\" data-id=\"c4bc5b3\" data-element_type=\"section\" data-e-type=\"section\">\n\t\t\t\t\t\t<div class=\"elementor-container elementor-column-gap-default\">\n\t\t\t\t\t<div class=\"elementor-column elementor-col-50 elementor-top-column elementor-element elementor-element-b65e87a\" data-id=\"b65e87a\" data-element_type=\"column\" data-e-type=\"column\">\n\t\t\t<div class=\"elementor-widget-wrap elementor-element-populated\">\n\t\t\t\t\t\t<div class=\"elementor-element elementor-element-3985f78 elementor-widget elementor-widget-heading\" data-id=\"3985f78\" data-element_type=\"widget\" data-e-type=\"widget\" data-widget_type=\"heading.default\">\n\t\t\t\t\t<h2 class=\"elementor-heading-title elementor-size-default\">Guillaume Scheer<\/h2>\t\t\t\t<\/div>\n\t\t\t\t<div class=\"elementor-element elementor-element-ba89128 elementor-widget elementor-widget-text-editor\" data-id=\"ba89128\" data-element_type=\"widget\" data-e-type=\"widget\" data-widget_type=\"text-editor.default\">\n\t\t\t\t\t\t\t\t\t<p>Guillaume Scheer, der seit seiner Kindheit eine Leidenschaft f\u00fcr das Kochen hat, besucht zun\u00e4chst das Lyc\u00e9e H\u00f4telier in Stra\u00dfburg, um dort seine ersten Erfahrungen zu sammeln. Der Chefkoch setzte seine Ausbildung als Souschef im L&#8217;\u00c9trier du Royal Barri\u00e8re in Deauville fort, dann im Pavillon Ledoyen in Paris an der Seite von Christian Le Squer (***), wo er seine Pr\u00e4gung perfektionierte und Exzellenz lernte.  <\/p><p>Seine Liebe zu seiner Heimatregion f\u00fchrte ihn zur\u00fcck nach Stra\u00dfburg, wo er drei Jahre lang das Kommando am Herd des 1741* \u00fcbernahm und einen Stern im Guide Michelin erkochte. Gest\u00e4rkt durch diese Erfahrungen in den besten H\u00e4usern der Gastronomie, beschloss er 2018, zusammen mit seiner Frau Charlotte einen Ort zu er\u00f6ffnen, der ihrem Image entspricht: <strong>Les Plaisirs Gourmands<\/strong>.<\/p><p>Nach 7,5 Jahren in Schiltigheim wird 2025 mit dem Umzug der Einrichtung in den <strong>Quai Mullenheim 21, 67000 Stra\u00dfburg,<\/strong> eine neue Seite aufgeschlagen.<\/p><p>Der Chefkoch ist ein wahrer Virtuose der Aromen und bietet eine moderne und kreative K\u00fcche, die eine sorgf\u00e4ltige Arbeit mit So\u00dfen und Noten von Zitrusfr\u00fcchten und frischen Kr\u00e4utern verbindet.<\/p><p>Diese Meisterschaft wurde mit den Titeln <strong>\u201eJunges Talent\u201c<\/strong> im <strong>Jahr 2017<\/strong> und <strong>\u201eGrand de Demain National\u201c<\/strong> im Jahr <strong>2019<\/strong> im renommierten Guide Gault &amp; Millau und <strong>2021 mit einem Stern im Guide Michelin<\/strong> belohnt. Im Jahr 2024 wurde das Restaurant erneut vom <strong>Gault &amp; Millau 2024<\/strong> ausgezeichnet und trat im September 2024 der Vereinigung der <strong>\u00c9toiles d&#8217;Alsace<\/strong> bei.<\/p>\t\t\t\t\t\t\t\t<\/div>\n\t\t\t\t\t<\/div>\n\t\t<\/div>\n\t\t\t\t<div class=\"elementor-column elementor-col-50 elementor-top-column elementor-element elementor-element-86e66fe\" data-id=\"86e66fe\" data-element_type=\"column\" data-e-type=\"column\">\n\t\t\t<div class=\"elementor-widget-wrap elementor-element-populated\">\n\t\t\t\t\t\t<div class=\"elementor-element elementor-element-1e055ee elementor-widget elementor-widget-heading\" data-id=\"1e055ee\" data-element_type=\"widget\" data-e-type=\"widget\" data-widget_type=\"heading.default\">\n\t\t\t\t\t<h2 class=\"elementor-heading-title elementor-size-default\">Charlotte Scheer<\/h2>\t\t\t\t<\/div>\n\t\t\t\t<div class=\"elementor-element elementor-element-9a4e442 elementor-widget elementor-widget-text-editor\" data-id=\"9a4e442\" data-element_type=\"widget\" data-e-type=\"widget\" data-widget_type=\"text-editor.default\">\n\t\t\t\t\t\t\t\t\t<p>Charlotte stammt aus Angers und kreuzte in Deauville den Weg von Guillaume Scheer, als sie beide ihr Talent im Restaurant L&#8217;\u00c9trier* einsetzten. Das Paar setzte sein gastronomisches Epos in Paris fort, wo Charlotte in den K\u00fcchen des angesehenen Pariser Palastes Le George V amtierte. 2009 verlie\u00dfen sie gemeinsam den Rausch von Paris, um sich dem Elsass anzuschlie\u00dfen und ihre Familie zu gr\u00fcnden.<\/p>\n<p>Als das Paar beschloss, sein Haus zu er\u00f6ffnen, machte Charlotte die Wette, sich dem Raum anzuschlie\u00dfen, und hat sich seitdem als die perfekte Herrin des Hauses erwiesen.<\/p>\n<div> Ein Gef\u00fchl der Gastfreundschaft, das im Michelin-F\u00fchrer unterstrichen wird und das \u201eEffizienz beim L\u00e4cheln in Person\u201c beschreibt.<\/div>\n\t\t\t\t\t\t\t\t<\/div>\n\t\t\t\t\t<\/div>\n\t\t<\/div>\n\t\t\t\t\t<\/div>\n\t\t<\/section>\n\t\t\t\t<section class=\"elementor-section elementor-top-section elementor-element elementor-element-ecf104d elementor-section-height-min-height elementor-section-full_width elementor-section-items-stretch elementor-section-content-middle elementor-section-height-default\" data-id=\"ecf104d\" data-element_type=\"section\" data-e-type=\"section\">\n\t\t\t\t\t\t\t<div class=\"elementor-background-overlay\"><\/div>\n\t\t\t\t\t\t\t<div class=\"elementor-container elementor-column-gap-default\">\n\t\t\t\t\t<div class=\"elementor-column elementor-col-100 elementor-top-column elementor-element elementor-element-be9413b\" data-id=\"be9413b\" data-element_type=\"column\" data-e-type=\"column\" data-settings=\"{&quot;background_background&quot;:&quot;classic&quot;}\">\n\t\t\t<div class=\"elementor-widget-wrap elementor-element-populated\">\n\t\t\t\t\t<div class=\"elementor-background-overlay\"><\/div>\n\t\t\t\t\t\t<div class=\"elementor-element elementor-element-6c275e7 elementor-widget elementor-widget-heading\" data-id=\"6c275e7\" data-element_type=\"widget\" data-e-type=\"widget\" data-widget_type=\"heading.default\">\n\t\t\t\t\t<h1 class=\"elementor-heading-title elementor-size-default\">Das Restaurant<\/h1>\t\t\t\t<\/div>\n\t\t\t\t<div class=\"elementor-element elementor-element-b3bac2c elementor-widget elementor-widget-heading\" data-id=\"b3bac2c\" data-element_type=\"widget\" data-e-type=\"widget\" data-widget_type=\"heading.default\">\n\t\t\t\t\t<div class=\"elementor-heading-title elementor-size-default\">Seine zwei S\u00e4le und seine Terrasse<\/div>\t\t\t\t<\/div>\n\t\t\t\t\t<\/div>\n\t\t<\/div>\n\t\t\t\t\t<\/div>\n\t\t<\/section>\n\t\t\t\t<section class=\"elementor-section elementor-top-section elementor-element elementor-element-6bb7ca2 elementor-section-full_width elementor-section-height-default elementor-section-height-default\" data-id=\"6bb7ca2\" data-element_type=\"section\" data-e-type=\"section\">\n\t\t\t\t\t\t<div class=\"elementor-container elementor-column-gap-default\">\n\t\t\t\t\t<div class=\"elementor-column elementor-col-33 elementor-top-column elementor-element elementor-element-efad5af\" data-id=\"efad5af\" data-element_type=\"column\" data-e-type=\"column\" data-settings=\"{&quot;motion_fx_motion_fx_scrolling&quot;:&quot;yes&quot;,&quot;motion_fx_translateX_effect&quot;:&quot;yes&quot;,&quot;motion_fx_devices&quot;:[&quot;desktop&quot;],&quot;motion_fx_translateX_speed&quot;:{&quot;unit&quot;:&quot;px&quot;,&quot;size&quot;:4,&quot;sizes&quot;:[]},&quot;motion_fx_translateX_affectedRange&quot;:{&quot;unit&quot;:&quot;%&quot;,&quot;size&quot;:&quot;&quot;,&quot;sizes&quot;:{&quot;start&quot;:0,&quot;end&quot;:100}}}\">\n\t\t\t<div class=\"elementor-widget-wrap elementor-element-populated\">\n\t\t\t\t\t\t<div class=\"elementor-element elementor-element-e765518 elementor-widget elementor-widget-heading\" data-id=\"e765518\" data-element_type=\"widget\" data-e-type=\"widget\" data-widget_type=\"heading.default\">\n\t\t\t\t\t<h2 class=\"elementor-heading-title elementor-size-default\">Das Wohnzimmer  <\/h2>\t\t\t\t<\/div>\n\t\t\t\t<div class=\"elementor-element elementor-element-37a91df elementor-widget elementor-widget-text-editor\" data-id=\"37a91df\" data-element_type=\"widget\" data-e-type=\"widget\" data-widget_type=\"text-editor.default\">\n\t\t\t\t\t\t\t\t\t<p>In einem intimen und eleganten Rahmen bietet der Saal des Restaurants eine warme und schlichte Atmosph\u00e4re. Die sanften, nat\u00fcrlichen Farbt\u00f6ne und das ged\u00e4mpfte Licht schaffen eine ged\u00e4mpfte, beruhigende Atmosph\u00e4re. Die runden, schlicht gedeckten Tische machen Platz f\u00fcr ein kulinarisches Erlebnis, das sich auf den Teller und den gemeinsamen Moment konzentriert.  <\/p><p>Der Saal, der tags\u00fcber von nat\u00fcrlichem Licht durchflutet wird, verwandelt sich abends in ein diskretes Schmuckk\u00e4stchen, das die Verkostung und die kulinarischen Emotionen f\u00f6rdert.<\/p>\t\t\t\t\t\t\t\t<\/div>\n\t\t\t\t\t<\/div>\n\t\t<\/div>\n\t\t\t\t<div class=\"elementor-column elementor-col-66 elementor-top-column elementor-element elementor-element-e19822c\" data-id=\"e19822c\" data-element_type=\"column\" data-e-type=\"column\">\n\t\t\t<div class=\"elementor-widget-wrap elementor-element-populated\">\n\t\t\t\t\t\t<div class=\"elementor-element elementor-element-9860490 elementor-widget elementor-widget-image\" data-id=\"9860490\" data-element_type=\"widget\" data-e-type=\"widget\" data-widget_type=\"image.default\">\n\t\t\t\t\t\t\t\t\t\t\t\t\t\t\t<img fetchpriority=\"high\" decoding=\"async\" width=\"1499\" height=\"1000\" src=\"https:\/\/les-plaisirs-gourmands.com\/wp-content\/uploads\/2025\/06\/9J1A9898.jpg\" class=\"attachment-gallery_large size-gallery_large wp-image-3891\" alt=\"\" srcset=\"https:\/\/les-plaisirs-gourmands.com\/wp-content\/uploads\/2025\/06\/9J1A9898.jpg 1499w, https:\/\/les-plaisirs-gourmands.com\/wp-content\/uploads\/2025\/06\/9J1A9898-300x200.jpg 300w, https:\/\/les-plaisirs-gourmands.com\/wp-content\/uploads\/2025\/06\/9J1A9898-1024x683.jpg 1024w, https:\/\/les-plaisirs-gourmands.com\/wp-content\/uploads\/2025\/06\/9J1A9898-768x512.jpg 768w, https:\/\/les-plaisirs-gourmands.com\/wp-content\/uploads\/2025\/06\/9J1A9898-500x334.jpg 500w\" sizes=\"(max-width: 1499px) 100vw, 1499px\" \/>\t\t\t\t\t\t\t\t\t\t\t\t\t\t\t<\/div>\n\t\t\t\t\t<\/div>\n\t\t<\/div>\n\t\t\t\t\t<\/div>\n\t\t<\/section>\n\t\t\t\t<section class=\"elementor-section elementor-top-section elementor-element elementor-element-3e97905 elementor-section-full_width elementor-reverse-mobile elementor-section-height-default elementor-section-height-default\" data-id=\"3e97905\" data-element_type=\"section\" data-e-type=\"section\">\n\t\t\t\t\t\t<div class=\"elementor-container elementor-column-gap-default\">\n\t\t\t\t\t<div class=\"elementor-column elementor-col-66 elementor-top-column elementor-element elementor-element-f8b2d54\" data-id=\"f8b2d54\" data-element_type=\"column\" data-e-type=\"column\">\n\t\t\t<div class=\"elementor-widget-wrap elementor-element-populated\">\n\t\t\t\t\t\t<div class=\"elementor-element elementor-element-5b3871b elementor-widget elementor-widget-image\" data-id=\"5b3871b\" data-element_type=\"widget\" data-e-type=\"widget\" data-widget_type=\"image.default\">\n\t\t\t\t\t\t\t\t\t\t\t\t\t\t\t<img decoding=\"async\" width=\"1499\" height=\"1000\" src=\"https:\/\/les-plaisirs-gourmands.com\/wp-content\/uploads\/2025\/06\/9J1A9932.jpg\" class=\"attachment-gallery_large size-gallery_large wp-image-3905\" alt=\"\" srcset=\"https:\/\/les-plaisirs-gourmands.com\/wp-content\/uploads\/2025\/06\/9J1A9932.jpg 1499w, https:\/\/les-plaisirs-gourmands.com\/wp-content\/uploads\/2025\/06\/9J1A9932-300x200.jpg 300w, https:\/\/les-plaisirs-gourmands.com\/wp-content\/uploads\/2025\/06\/9J1A9932-1024x683.jpg 1024w, https:\/\/les-plaisirs-gourmands.com\/wp-content\/uploads\/2025\/06\/9J1A9932-768x512.jpg 768w, https:\/\/les-plaisirs-gourmands.com\/wp-content\/uploads\/2025\/06\/9J1A9932-500x334.jpg 500w\" sizes=\"(max-width: 1499px) 100vw, 1499px\" \/>\t\t\t\t\t\t\t\t\t\t\t\t\t\t\t<\/div>\n\t\t\t\t\t<\/div>\n\t\t<\/div>\n\t\t\t\t<div class=\"elementor-column elementor-col-33 elementor-top-column elementor-element elementor-element-2392384\" data-id=\"2392384\" data-element_type=\"column\" data-e-type=\"column\" data-settings=\"{&quot;motion_fx_motion_fx_scrolling&quot;:&quot;yes&quot;,&quot;motion_fx_translateX_effect&quot;:&quot;yes&quot;,&quot;motion_fx_devices&quot;:[&quot;desktop&quot;],&quot;motion_fx_translateX_speed&quot;:{&quot;unit&quot;:&quot;px&quot;,&quot;size&quot;:4,&quot;sizes&quot;:[]},&quot;motion_fx_translateX_affectedRange&quot;:{&quot;unit&quot;:&quot;%&quot;,&quot;size&quot;:&quot;&quot;,&quot;sizes&quot;:{&quot;start&quot;:0,&quot;end&quot;:100}}}\">\n\t\t\t<div class=\"elementor-widget-wrap elementor-element-populated\">\n\t\t\t\t\t\t<div class=\"elementor-element elementor-element-4715f07 elementor-widget elementor-widget-heading\" data-id=\"4715f07\" data-element_type=\"widget\" data-e-type=\"widget\" data-widget_type=\"heading.default\">\n\t\t\t\t\t<h2 class=\"elementor-heading-title elementor-size-default\">Die Terrasse f\u00fcr sonnige Tage<\/h2>\t\t\t\t<\/div>\n\t\t\t\t<div class=\"elementor-element elementor-element-7af3bcc elementor-widget elementor-widget-text-editor\" data-id=\"7af3bcc\" data-element_type=\"widget\" data-e-type=\"widget\" data-widget_type=\"text-editor.default\">\n\t\t\t\t\t\t\t\t\t<p>Ab Ende April zum Mittagessen und im Juni zum Abendessen empf\u00e4ngt die Terrasse alle G\u00e4ste, die Ruhe und Gr\u00fcn abseits der Hektik der Stadt suchen.<\/p>\n\t\t\t\t\t\t\t\t<\/div>\n\t\t\t\t\t<\/div>\n\t\t<\/div>\n\t\t\t\t\t<\/div>\n\t\t<\/section>\n\t\t\t\t<section class=\"elementor-section elementor-top-section elementor-element elementor-element-a93a7ae elementor-section-height-full elementor-section-full_width elementor-section-items-stretch elementor-section-content-middle elementor-section-height-default\" data-id=\"a93a7ae\" data-element_type=\"section\" data-e-type=\"section\">\n\t\t\t\t\t\t\t<div class=\"elementor-background-overlay\"><\/div>\n\t\t\t\t\t\t\t<div class=\"elementor-container elementor-column-gap-default\">\n\t\t\t\t\t<div class=\"elementor-column elementor-col-100 elementor-top-column elementor-element elementor-element-7c4ed58\" data-id=\"7c4ed58\" data-element_type=\"column\" data-e-type=\"column\" data-settings=\"{&quot;background_background&quot;:&quot;classic&quot;}\">\n\t\t\t<div class=\"elementor-widget-wrap elementor-element-populated\">\n\t\t\t\t\t<div class=\"elementor-background-overlay\"><\/div>\n\t\t\t\t\t\t<div class=\"elementor-element elementor-element-dc4d861 elementor-widget elementor-widget-heading\" data-id=\"dc4d861\" data-element_type=\"widget\" data-e-type=\"widget\" data-widget_type=\"heading.default\">\n\t\t\t\t\t<h1 class=\"elementor-heading-title elementor-size-default\"><a href=\"#elementor-action%3Aaction%3Dpopup%3Aopen%26settings%3DeyJpZCI6MzEzMywidG9nZ2xlIjpmYWxzZX0%3D\">Buchen Sie online<\/a><\/h1>\t\t\t\t<\/div>\n\t\t\t\t<div class=\"elementor-element elementor-element-8752944 elementor-widget elementor-widget-text-editor\" data-id=\"8752944\" data-element_type=\"widget\" data-e-type=\"widget\" data-widget_type=\"text-editor.default\">\n\t\t\t\t\t\t\t\t\t<p>oder kontaktieren Sie uns unter<br><span style=\"text-decoration: underline;\"><span style=\"color: #ffffff;\"><a style=\"color: #ffffff; text-decoration: underline;\" href=\"tel:+33388835555\">+33 03 8883 5555<\/a><\/span><\/span><\/p>\n\t\t\t\t\t\t\t\t<\/div>\n\t\t\t\t\t<\/div>\n\t\t<\/div>\n\t\t\t\t\t<\/div>\n\t\t<\/section>\n\t\t\t\t<\/div>\n\t\t","protected":false},"excerpt":{"rendered":"<p>DAS TEAM Guillaume SCHEER, Charlotte SCHEER. Guillaume Scheer Guillaume Scheer, der seit seiner Kindheit eine Leidenschaft f\u00fcr das Kochen hat, besucht zun\u00e4chst das Lyc\u00e9e H\u00f4telier in Stra\u00dfburg, um dort seine ersten Erfahrungen zu sammeln. Der Chefkoch setzte seine Ausbildung als Souschef im L&#8217;\u00c9trier du Royal Barri\u00e8re in Deauville fort, dann im Pavillon Ledoyen in Paris [&hellip;]<\/p>\n","protected":false},"author":1,"featured_media":0,"parent":0,"menu_order":0,"comment_status":"closed","ping_status":"closed","template":"","meta":{"_acf_changed":false,"footnotes":""},"class_list":["post-723","page","type-page","status-publish","hentry"],"acf":[],"_links":{"self":[{"href":"https:\/\/les-plaisirs-gourmands.com\/de\/wp-json\/wp\/v2\/pages\/723","targetHints":{"allow":["GET"]}}],"collection":[{"href":"https:\/\/les-plaisirs-gourmands.com\/de\/wp-json\/wp\/v2\/pages"}],"about":[{"href":"https:\/\/les-plaisirs-gourmands.com\/de\/wp-json\/wp\/v2\/types\/page"}],"author":[{"embeddable":true,"href":"https:\/\/les-plaisirs-gourmands.com\/de\/wp-json\/wp\/v2\/users\/1"}],"replies":[{"embeddable":true,"href":"https:\/\/les-plaisirs-gourmands.com\/de\/wp-json\/wp\/v2\/comments?post=723"}],"version-history":[{"count":16,"href":"https:\/\/les-plaisirs-gourmands.com\/de\/wp-json\/wp\/v2\/pages\/723\/revisions"}],"predecessor-version":[{"id":3933,"href":"https:\/\/les-plaisirs-gourmands.com\/de\/wp-json\/wp\/v2\/pages\/723\/revisions\/3933"}],"wp:attachment":[{"href":"https:\/\/les-plaisirs-gourmands.com\/de\/wp-json\/wp\/v2\/media?parent=723"}],"curies":[{"name":"wp","href":"https:\/\/api.w.org\/{rel}","templated":true}]}}