{"id":839,"date":"2020-09-22T09:36:13","date_gmt":"2020-09-22T07:36:13","guid":{"rendered":"https:\/\/les-plaisirs-gourmands.com\/datenschutz\/"},"modified":"2021-02-16T06:22:52","modified_gmt":"2021-02-16T05:22:52","slug":"datenschutz","status":"publish","type":"page","link":"https:\/\/les-plaisirs-gourmands.com\/de\/datenschutz\/","title":{"rendered":"Datenschutz- und Cookie-Richtlinien"},"content":{"rendered":"\t\t<div data-elementor-type=\"wp-page\" data-elementor-id=\"839\" class=\"elementor elementor-839\" data-elementor-post-type=\"page\">\n\t\t\t\t\t\t<section class=\"elementor-section elementor-top-section elementor-element elementor-element-ca83837 elementor-section-boxed elementor-section-height-default elementor-section-height-default\" data-id=\"ca83837\" data-element_type=\"section\" data-e-type=\"section\">\n\t\t\t\t\t\t<div class=\"elementor-container elementor-column-gap-default\">\n\t\t\t\t\t<div class=\"elementor-column elementor-col-100 elementor-top-column elementor-element elementor-element-640253d\" data-id=\"640253d\" data-element_type=\"column\" data-e-type=\"column\">\n\t\t\t<div class=\"elementor-widget-wrap elementor-element-populated\">\n\t\t\t\t\t\t<div class=\"elementor-element elementor-element-c1d8c14 elementor-widget elementor-widget-heading\" data-id=\"c1d8c14\" data-element_type=\"widget\" data-e-type=\"widget\" data-widget_type=\"heading.default\">\n\t\t\t\t\t<div class=\"elementor-heading-title elementor-size-default\">Datenschutz- und Cookie-Richtlinien<\/div>\t\t\t\t<\/div>\n\t\t\t\t<div class=\"elementor-element elementor-element-0059955 elementor-widget elementor-widget-text-editor\" data-id=\"0059955\" data-element_type=\"widget\" data-e-type=\"widget\" data-widget_type=\"text-editor.default\">\n\t\t\t\t\t\t\t\t\t<p><\/p>\n<p>1. Pr\u00e4sentation der Website.<br \/>Gem\u00e4\u00df Artikel 6 des Gesetzes Nr. 2004-575 vom 21. Juni 2004 \u00fcber das Vertrauen in die digitale Wirtschaft geben Benutzer der Website les-plaisirs-gourmands.com (im Folgenden als &#8222;die Website&#8220; bezeichnet) die Identit\u00e4t der verschiedenen Personen an Interessengruppen im Rahmen ihrer Umsetzung und \u00dcberwachung:<\/p>\n<p>Besitzer: Les Plaisirs Gourmands<br \/>Les Plaisirs Gourmands 35 Route du G\u00e9n\u00e9ral de Gaulle, 67300 Schiltigheim<br \/>Grundkapital von 5000 \u20ac <br \/>SIRET: 83340572300010<br \/>Umsatzsteuer-Identifikationsnummer: FR 83 833405723<br \/>Publikationsmanager: Les Plaisirs Gourmands<br \/>Der Publikationsmanager ist eine private oder eine juristische Person.<\/p>\n<p>Fotos: Lucas Muller &#8211; www.lukam.fr<br \/>Webmaster: Aji SGroupe &#8211; www.aji-groupe.com<\/p>\n<p>2. Allgemeine Nutzungsbedingungen der Website und der angebotenen Dienste.<br \/>Die Website stellt ein geistiges Werk dar, das durch die Bestimmungen des Kodex f\u00fcr geistiges Eigentum und die geltenden internationalen Bestimmungen gesch\u00fctzt ist. Der Kunde darf die Elemente oder Werke der Website in keiner Weise ganz oder teilweise f\u00fcr eigene Rechnung wiederverwenden, \u00fcbertragen oder nutzen.<\/p>\n<p>Die Nutzung der Website setzt die vollst\u00e4ndige Akzeptanz der nachstehend beschriebenen allgemeinen Nutzungsbedingungen voraus. Diese Nutzungsbedingungen k\u00f6nnen jederzeit ge\u00e4ndert oder erg\u00e4nzt werden. Benutzer der Website werden daher gebeten, sie regelm\u00e4\u00dfig zu konsultieren.<\/p>\n<p>Diese Website ist normalerweise f\u00fcr Benutzer jederzeit zug\u00e4nglich. Eine Unterbrechung aufgrund technischer Wartung kann jedoch vom Eigent\u00fcmer entschieden werden, der sich dann bem\u00fcht, den Benutzern vorab die Daten und Zeiten des Eingriffs mitzuteilen.<\/p>\n<p>Die Website wird regelm\u00e4\u00dfig vom Publikationsmanager aktualisiert. Ebenso k\u00f6nnen die rechtlichen Hinweise jederzeit ge\u00e4ndert werden: Sie sind jedoch f\u00fcr den Nutzer verbindlich, der aufgefordert wird, sich so oft wie m\u00f6glich auf sie zu beziehen, um sie kennenzulernen.<\/p>\n<p>3. Beschreibung der erbrachten Leistungen.<br \/>Der Zweck der Website besteht darin, Informationen \u00fcber die Aktivit\u00e4ten des Restaurants bereitzustellen, um der Website so genaue Informationen wie m\u00f6glich zur Verf\u00fcgung zu stellen. Es kann jedoch nicht f\u00fcr Auslassungen, Ungenauigkeiten und M\u00e4ngel in der Aktualisierung verantwortlich gemacht werden, sei es aufgrund dieser oder von Drittpartnern, die diese Informationen bereitstellen.<\/p>\n<p>Alle auf der Website angegebenen Informationen dienen als Hinweis und werden sich wahrscheinlich weiterentwickeln. Dar\u00fcber hinaus sind die Informationen auf der Website nicht vollst\u00e4ndig. Sie unterliegen \u00c4nderungen, die seit ihrer Online-Bereitstellung vorgenommen wurden.<\/p>\n<p>4. Vertragliche Beschr\u00e4nkungen der technischen Daten.<br \/>Die Site verwendet JavaScript-Technologie. Die Website kann nicht f\u00fcr Sachsch\u00e4den im Zusammenhang mit der Nutzung der Website verantwortlich gemacht werden. Dar\u00fcber hinaus verpflichtet sich der Benutzer der Website, mit neueren Ger\u00e4ten, die keine Viren enthalten, und mit einem aktuellen Browser der neuesten Generation auf die Website zuzugreifen. Die Website wird von einem Dienstanbieter auf dem Gebiet der Europ\u00e4ischen Union in gehostet gem\u00e4\u00df den Bestimmungen der Allgemeinen Datenschutzverordnung (RGPD: Nr. 2016-679)<\/p>\n<p>Ziel ist es, einen Service bereitzustellen, der die beste Erreichbarkeitsrate gew\u00e4hrleistet. Der Gastgeber sorgt f\u00fcr die Kontinuit\u00e4t seines Dienstes 24 Stunden am Tag, jeden Tag des Jahres. Es beh\u00e4lt sich jedoch das Recht vor, den Hosting-Dienst f\u00fcr den k\u00fcrzestm\u00f6glichen Zeitraum zu unterbrechen, insbesondere zum Zwecke der Wartung, Verbesserung seiner Infrastruktur, Ausfall seiner Infrastruktur oder wenn die Dienste und Dienste als unnat\u00fcrlich empfundenen Verkehr erzeugen.<\/p>\n<p>Die Site und der Host k\u00f6nnen nicht f\u00fcr den Fall einer Fehlfunktion des Internetnetzwerks, der Telefonleitungen oder der Computer- und Telefonausr\u00fcstung verantwortlich gemacht werden, die insbesondere mit einer \u00dcberlastung des Netzwerks verbunden ist und den Zugriff auf den Server verhindert.<\/p>\n<p>Jegliche Vervielf\u00e4ltigung, Darstellung, \u00c4nderung, Ver\u00f6ffentlichung, Anpassung aller oder eines Teils der Elemente der Website, unabh\u00e4ngig von den verwendeten Mitteln oder Verfahren, ist ohne vorherige schriftliche Genehmigung untersagt.<\/p>\n<p>Jede nicht autorisierte Nutzung der Website oder eines der darin enthaltenen Elemente wird als Versto\u00df angesehen und gem\u00e4\u00df den Bestimmungen der Artikel L.335-2 und den Bestimmungen des Gesetzes \u00fcber geistiges Eigentum verfolgt.<\/p>\n<p>6. Haftungsbeschr\u00e4nkungen.<br \/>Der Websitebesitzer kann nicht f\u00fcr direkte oder indirekte Sch\u00e4den an den Ger\u00e4ten des Benutzers beim Zugriff auf die Website verantwortlich gemacht werden, die entweder durch die Verwendung von Ger\u00e4ten entstehen, die nicht den in Punkt 4 angegebenen Spezifikationen entsprechen, oder durch das Auftreten eines Fehlers oder einer Inkompatibilit\u00e4t .<\/p>\n<p>Der Eigent\u00fcmer der Website kann auch nicht f\u00fcr indirekte Sch\u00e4den (wie z. B. Marktverlust oder Verlust einer Chance) verantwortlich gemacht werden, die sich aus der Nutzung der Website ergeben.<\/p>\n<p>Interaktive Bereiche (M\u00f6glichkeit, Fragen im Kontaktbereich zu stellen) stehen Benutzern zur Verf\u00fcgung. Der Eigent\u00fcmer der Website beh\u00e4lt sich das Recht vor, Inhalte, die gegen das in Frankreich geltende Recht versto\u00dfen, insbesondere die Bestimmungen zum Datenschutz, ohne vorherige Ank\u00fcndigung zu entfernen. Gegebenenfalls beh\u00e4lt sich der Eigent\u00fcmer der Website auch das Recht vor, die zivil- und \/ oder strafrechtliche Haftung des Nutzers in Frage zu stellen, insbesondere im Falle einer rassistischen, missbr\u00e4uchlichen, diffamierenden oder pornografischen Nachricht, unabh\u00e4ngig vom verwendeten Medium (Text, Fotografie) \u2026).<\/p>\n<p>7. Verwaltung personenbezogener Daten.<br \/>7.1 VERWALTUNG PERS\u00d6NLICHER DATEN.<br \/>Der Eigent\u00fcmer der Website ist f\u00fcr die Verarbeitung der von ihm gesammelten Daten verantwortlich und verpflichtet sich, den Rahmen der geltenden gesetzlichen Bestimmungen einzuhalten. Es liegt insbesondere in ihrer Verantwortung, die Zwecke ihrer Datenverarbeitung festzulegen, ihren Interessenten und Kunden aus der Erhebung ihrer Einwilligungen vollst\u00e4ndige Informationen \u00fcber die Verarbeitung ihrer personenbezogenen Daten zur Verf\u00fcgung zu stellen und ein konformes Verarbeitungsregister zu f\u00fchren. Wann immer die Site personenbezogene Daten verarbeitet, ergreift die Site alle angemessenen Ma\u00dfnahmen, um die Richtigkeit und Relevanz der personenbezogenen Daten in Bezug auf die Zwecke sicherzustellen, f\u00fcr die die Site sie verarbeitet.<\/p>\n<p>7.2 ZWECK DER ERFASSTEN DATEN.<br \/>Die Site verarbeitet wahrscheinlich alle oder einen Teil der Daten:<\/p>\n<p>Erm\u00f6glichen der Navigation auf der Website und der Verwaltung und R\u00fcckverfolgbarkeit der vom Benutzer bestellten Dienste und Dienste: Verbindungs- und Nutzungsdaten der Website, Rechnungsstellung, Bestellverlauf usw.<br \/>zur Verhinderung und Bek\u00e4mpfung von Computerbetrug (Spam, Hacking usw.): Computerausr\u00fcstung zum Surfen, IP-Adresse, Passwort (Hash)<br \/>zur Verbesserung der Navigation auf der Site: Verbindungs- und Nutzungsdaten<br \/>Optionale Zufriedenheitsumfragen zu diesem Thema durchf\u00fchren: E-Mail-Adresse<br \/>Kommunikationskampagnen (SMS, E-Mail) durchf\u00fchren: Telefonnummer, E-Mail-Adresse<br \/>Die Website vermarktet Ihre pers\u00f6nlichen Daten nicht, die daher nur aus Gr\u00fcnden der Notwendigkeit oder f\u00fcr statistische und analytische Zwecke verwendet werden.<\/p>\n<p>7.3 ZUGRIFF, KORREKTUR UND OBJEKT<br \/>In \u00dcbereinstimmung mit den geltenden europ\u00e4ischen Vorschriften haben Benutzer der Website die folgenden Rechte:<\/p>\n<p>Recht auf Zugang (Artikel 15 RGPD) und Berichtigung (Artikel 16 RGPD), Aktualisierung, Vollst\u00e4ndigkeit der Benutzerdaten Recht auf Sperrung oder L\u00f6schung personenbezogener Daten des Benutzers (Artikel 17 der RGPD), wenn diese ungenau, unvollst\u00e4ndig, nicht eindeutig und veraltet sind oder deren Sammlung, Verwendung, Kommunikation oder Aufbewahrung verboten ist<br \/>Recht, die Einwilligung jederzeit zu widerrufen (Artikel 13-2c RGPD)<br \/>Recht, die Verarbeitung von Benutzerdaten einzuschr\u00e4nken (Artikel 18 RGPD)<br \/>Widerspruchsrecht gegen die Verarbeitung von Nutzerdaten (Artikel 21 RGPD)<br \/>Recht auf Portabilit\u00e4t von Daten, die Benutzer bereitgestellt haben, wenn diese Daten aufgrund ihrer Zustimmung oder eines Vertrags einer automatisierten Verarbeitung unterliegen (Artikel 20 DSGVO)<br \/>Recht, das Schicksal der Benutzerdaten nach ihrem Tod zu definieren und zu entscheiden, an wen die Site ihre Daten an einen zuvor von ihnen bestimmten Dritten weitergeben muss (oder nicht)<br \/>Sobald der Eigent\u00fcmer der Website Kenntnis vom Tod eines Nutzers erlangt und keine Anweisungen von ihm vorliegen, verpflichtet sich der Eigent\u00fcmer der Website, seine Daten zu vernichten, es sei denn, ihre Aufbewahrung ist zu Beweiszwecken oder zur Erf\u00fcllung einer gesetzlichen Verpflichtung erforderlich .<\/p>\n<p>Wenn der Benutzer wissen m\u00f6chte, wie die Website seine personenbezogenen Daten verwendet, um deren Berichtigung bittet oder deren Verarbeitung ablehnt, kann der Benutzer den Eigent\u00fcmer der Website schriftlich \u00fcber das Kontaktformular der Website kontaktieren.<\/p>\n<p>In diesem Fall muss der Benutzer die pers\u00f6nlichen Daten angeben, die der Eigent\u00fcmer der Website korrigieren, aktualisieren oder l\u00f6schen soll, indem er sich genau mit einer Kopie eines Ausweises (Personalausweis oder Reisepass) identifiziert.<\/p>\n<p>Antr\u00e4ge auf L\u00f6schung personenbezogener Daten unterliegen den auf der Website gesetzlich vorgeschriebenen Verpflichtungen, insbesondere in Bezug auf die Aufbewahrung oder Archivierung von Dokumenten. Schlie\u00dflich k\u00f6nnen Benutzer der Website eine Beschwerde bei den Aufsichtsbeh\u00f6rden und insbesondere bei der CNIL (https:\/\/www.cnil.fr\/fr\/plaintes) einreichen.<\/p>\n<p>7.4 NICHTKOMMUNIKATION PERS\u00d6NLICHER DATEN<br \/>Der Website ist es untersagt, die von ihren Kunden gesammelten Informationen in ein Land au\u00dferhalb der Europ\u00e4ischen Union zu verarbeiten, zu hosten oder zu \u00fcbertragen, das von der Europ\u00e4ischen Kommission als &#8222;ungeeignet&#8220; anerkannt wurde, ohne den Kunden zuvor zu informieren. Die Website kann jedoch ihre technischen und kommerziellen Subunternehmer frei w\u00e4hlen, sofern sie ausreichende Garantien hinsichtlich der Anforderungen der Allgemeinen Datenschutzverordnung (RGPD: Nr. 2016-679) bieten.<\/p>\n<p>Die Website verpflichtet sich, alle erforderlichen Vorkehrungen zu treffen, um die Sicherheit der Informationen zu gew\u00e4hrleisten und insbesondere um sie nicht an unbefugte Personen weiterzugeben. Wenn der Eigent\u00fcmer der Website jedoch auf einen Vorfall aufmerksam gemacht wird, der die Integrit\u00e4t oder Vertraulichkeit der Kundeninformationen beeintr\u00e4chtigt, muss dieser den Kunden so bald wie m\u00f6glich informieren und ihn \u00fcber die ergriffenen Korrekturma\u00dfnahmen informieren. Dar\u00fcber hinaus sammelt die Site keine &#8222;sensiblen Daten&#8220;.<\/p>\n<p>Die personenbezogenen Daten des Benutzers d\u00fcrfen von Tochterunternehmen der Website und Subunternehmern (Dienstleistern) ausschlie\u00dflich zur Erreichung der Ziele dieser Richtlinie verarbeitet werden.<\/p>\n<p>Im Rahmen ihrer jeweiligen Zuordnungen und f\u00fcr die oben genannten Zwecke sind die Hauptpersonen, die wahrscheinlich Zugriff auf die Daten der Benutzer der Website haben, haupts\u00e4chlich die Vertreter unseres Kundendienstes.<\/p>\n<p>8. Benachrichtigung \u00fcber Vorf\u00e4lle<br \/>Unabh\u00e4ngig davon, wie sehr Sie sich bem\u00fchen, ist keine Methode zur \u00dcbertragung \u00fcber das Internet oder zur elektronischen Speicherung vollst\u00e4ndig sicher. Wir k\u00f6nnen daher keine absolute Sicherheit garantieren. Wenn wir Kenntnis von einer Sicherheitsverletzung erhalten, werden wir betroffene Benutzer benachrichtigen, damit diese geeignete Ma\u00dfnahmen ergreifen k\u00f6nnen. Unsere Verfahren zur Meldung von Vorf\u00e4llen ber\u00fccksichtigen unsere gesetzlichen Verpflichtungen auf nationaler oder europ\u00e4ischer Ebene. Wir verpflichten uns, unsere Kunden umfassend \u00fcber alle Fragen im Zusammenhang mit der Sicherheit ihres Kontos zu informieren und ihnen alle Informationen zur Verf\u00fcgung zu stellen, die sie zur Erf\u00fcllung ihrer eigenen Meldepflichten ben\u00f6tigen.<\/p>\n<p>Es werden keine pers\u00f6nlichen Informationen des Benutzers der Website ohne Wissen des Benutzers ver\u00f6ffentlicht, ausgetauscht, \u00fcbertragen, zugewiesen oder auf irgendeinem Medium an Dritte verkauft. Nur die Annahme der R\u00fccknahme der Website und ihrer Rechte w\u00fcrde die \u00dcbermittlung dieser Informationen an den m\u00f6glichen K\u00e4ufer erm\u00f6glichen, der wiederum an die gleiche Verpflichtung gebunden w\u00e4re, Daten in Bezug auf den Benutzer der Website zu speichern und zu \u00e4ndern.<\/p>\n<p>SICHERHEIT<br \/>Um die Sicherheit und Vertraulichkeit von pers\u00f6nlichen Daten und pers\u00f6nlichen Gesundheitsdaten zu gew\u00e4hrleisten, verwendet die Site Netzwerke, die durch Standardger\u00e4te wie Firewalls, Pseudonymisierung, Verschl\u00fcsselung und Passwort gesch\u00fctzt sind.<\/p>\n<p>Bei der Verarbeitung personenbezogener Daten ergreift die Website alle angemessenen Ma\u00dfnahmen, um sie vor Verlust, Missbrauch, unbefugtem Zugriff, Offenlegung, \u00c4nderung oder Zerst\u00f6rung zu sch\u00fctzen.<\/p>\n<p>9. Hypertext-Links zu \u201eCookies\u201c und \u201eTags\u201c im Internet<br \/>Die Site enth\u00e4lt eine Reihe von Hypertext-Links zu anderen Sites, die mit Genehmigung der Site eingerichtet wurden. Die Website hat jedoch nicht die M\u00f6glichkeit, den Inhalt der so besuchten Websites zu \u00fcberpr\u00fcfen, und \u00fcbernimmt daher keine Verantwortung f\u00fcr diese Tatsache.<\/p>\n<p>Sofern Sie Cookies nicht deaktivieren, stimmen Sie zu, dass die Website sie verwenden kann. Sie k\u00f6nnen diese Cookies jederzeit kostenlos deaktivieren, indem Sie die Deaktivierungsoptionen verwenden, die Ihnen angeboten und unten aufgef\u00fchrt werden, da Sie wissen, dass dies den Zugriff auf alle oder einen Teil der von der Website angebotenen Dienste beeintr\u00e4chtigen oder verhindern kann.<\/p>\n<p>9.1. &#8220; KEKSE &#8222;<br \/>Ein \u201eCookie\u201c ist eine kleine Informationsdatei, die an den Browser des Benutzers gesendet und im Terminal des Benutzers (z. B. Computer, Smartphone) gespeichert wird (im Folgenden \u201eCookies\u201c). Diese Datei enth\u00e4lt Informationen wie den Dom\u00e4nennamen des Benutzers, den Internetdienstanbieter des Benutzers, das Betriebssystem des Benutzers sowie Datum und Uhrzeit des Zugriffs. Cookies k\u00f6nnen unter keinen Umst\u00e4nden das Terminal des Benutzers besch\u00e4digen.<\/p>\n<p>Die Site verarbeitet wahrscheinlich die Informationen des Benutzers bez\u00fcglich seines Besuchs auf der Site, wie z. B. die angezeigten Seiten und die durchgef\u00fchrten Suchvorg\u00e4nge. Diese Informationen erm\u00f6glichen es der Site, den Inhalt der Site und die Navigation des Benutzers zu verbessern.<\/p>\n<p>Cookies, die die Navigation und \/ oder die Bereitstellung der von der Site angebotenen Dienste erleichtern, kann der Benutzer seinen Browser so konfigurieren, dass er entscheiden kann, ob er sie akzeptieren m\u00f6chte oder nicht, damit Cookies im Terminal gespeichert werden oder im Gegenteil , dass sie entweder systematisch oder nach Angaben ihres Emittenten abgelehnt werden. Der Benutzer kann seine Browsersoftware auch so konfigurieren, dass ihm von Zeit zu Zeit die Annahme oder Ablehnung von Cookies angeboten wird, bevor ein Cookie wahrscheinlich in seinem Terminal gespeichert wird. Die Site informiert den Benutzer dar\u00fcber, dass in diesem Fall m\u00f6glicherweise nicht alle Funktionen der Browsersoftware verf\u00fcgbar sind.<\/p>\n<p>Wenn der Benutzer die Registrierung von Cookies in seinem Terminal oder Browser ablehnt oder die dort registrierten Cookies l\u00f6scht, wird der Benutzer dar\u00fcber informiert, dass sein Surfen und seine Erfahrung auf der Website m\u00f6glicherweise eingeschr\u00e4nkt sind. Dies kann auch der Fall sein, wenn die Site oder einer ihrer Dienstanbieter aus Gr\u00fcnden der technischen Kompatibilit\u00e4t den vom Terminal verwendeten Browsertyp, die Sprach- und Anzeigeeinstellungen oder das Land, von dem aus das Terminal mit dem Terminal verbunden zu sein scheint, nicht erkennen kann Internet.<\/p>\n<p>Gegebenenfalls lehnt die Website jegliche Verantwortung f\u00fcr die Folgen ab, die sich aus der Funktionsst\u00f6rung der Website und den daraus resultierenden Diensten ergeben (i) Ablehnung von Cookies durch den Benutzer (ii) die Unm\u00f6glichkeit f\u00fcr die Website, die f\u00fcr ihren Betrieb erforderlichen Cookies aufgrund der Wahl des Benutzers aufzuzeichnen oder zu konsultieren. F\u00fcr die Verwaltung von Cookies und die Auswahlm\u00f6glichkeiten des Benutzers ist die Konfiguration jedes Browsers unterschiedlich. Es wird im Hilfemen\u00fc des Browsers beschrieben, in dem Sie erfahren, wie der Benutzer seine Einstellungen in Bezug auf Cookies \u00e4ndern kann.<\/p>\n<p>Der Benutzer kann jederzeit seine W\u00fcnsche in Bezug auf Cookies ausdr\u00fccken und \u00e4ndern. Die Site kann auch die Dienste externer Dienstleister in Anspruch nehmen, um die in diesem Abschnitt beschriebenen Informationen zu sammeln und zu verarbeiten.<\/p>\n<p>Durch Klicken auf die Symbole f\u00fcr die sozialen Netzwerke Facebook, Instagram auf der Website und wenn der Benutzer die Hinterlegung von Cookies akzeptiert hat, indem er weiterhin auf der Website oder in der mobilen Anwendung der Website surft, k\u00f6nnen Facebook und Instagram auch Cookies auf Ihrer Website platzieren Terminals (Computer, Tablet, Handy).<\/p>\n<p>Diese Arten von Cookies werden nur dann auf Ihren Terminals platziert, wenn Sie damit einverstanden sind, indem Sie weiterhin auf der Website surfen. Der Benutzer kann jedoch jederzeit seine Zustimmung zur Hinterlegung dieser Art von Cookies durch die Website widerrufen.<\/p>\n<p>10. Anwendbares Recht und Zust\u00e4ndigkeitszuweisung.<\/p>\n<p>Alle Streitigkeiten im Zusammenhang mit der Nutzung der Website unterliegen franz\u00f6sischem Recht. Die ausschlie\u00dfliche Zust\u00e4ndigkeit liegt bei den zust\u00e4ndigen Gerichten von Paris.<\/p>\n<p>11. Lexikon.<br \/>Benutzer: Internetbenutzer, der \u00fcber die oben genannte Website eine Verbindung herstellt.<\/p>\n<p>Pers\u00f6nliche Informationen: &#8222;Informationen, die in irgendeiner Form direkt oder indirekt die Identifizierung der nat\u00fcrlichen Personen erm\u00f6glichen, f\u00fcr die sie gelten&#8220; (Artikel 4 des Gesetzes Nr. 78-17 vom 6. Januar 1978).<\/p>\n<p>12. Beschwerde.<br \/>Wenn Sie mit der von unserem Kundendienst angebotenen L\u00f6sung nicht zufrieden sind oder wenn Sie innerhalb von 45 Tagen keine Antwort erhalten, und wenn Sie eine nat\u00fcrliche Person sind, die nicht f\u00fcr berufliche Bed\u00fcrfnisse handelt. Sie k\u00f6nnen ein Mediationsverfahren beantragen oder anbieten lassen.<\/p>\n<p><\/p>\n\t\t\t\t\t\t\t\t<\/div>\n\t\t\t\t\t<\/div>\n\t\t<\/div>\n\t\t\t\t\t<\/div>\n\t\t<\/section>\n\t\t\t\t<\/div>\n\t\t","protected":false},"excerpt":{"rendered":"<p>1. Pr\u00e4sentation der Website.Gem\u00e4\u00df Artikel 6 des Gesetzes Nr. 2004-575 vom 21. Juni 2004 \u00fcber das Vertrauen in die digitale Wirtschaft geben Benutzer der Website les-plaisirs-gourmands.com (im Folgenden als &#8222;die Website&#8220; bezeichnet) die Identit\u00e4t der verschiedenen Personen an Interessengruppen im Rahmen ihrer Umsetzung und \u00dcberwachung: Besitzer: Les Plaisirs GourmandsLes Plaisirs Gourmands 35 Route du G\u00e9n\u00e9ral [&hellip;]<\/p>\n","protected":false},"author":1,"featured_media":0,"parent":0,"menu_order":0,"comment_status":"closed","ping_status":"closed","template":"","meta":{"_acf_changed":false,"footnotes":""},"class_list":["post-839","page","type-page","status-publish","hentry"],"acf":[],"_links":{"self":[{"href":"https:\/\/les-plaisirs-gourmands.com\/de\/wp-json\/wp\/v2\/pages\/839","targetHints":{"allow":["GET"]}}],"collection":[{"href":"https:\/\/les-plaisirs-gourmands.com\/de\/wp-json\/wp\/v2\/pages"}],"about":[{"href":"https:\/\/les-plaisirs-gourmands.com\/de\/wp-json\/wp\/v2\/types\/page"}],"author":[{"embeddable":true,"href":"https:\/\/les-plaisirs-gourmands.com\/de\/wp-json\/wp\/v2\/users\/1"}],"replies":[{"embeddable":true,"href":"https:\/\/les-plaisirs-gourmands.com\/de\/wp-json\/wp\/v2\/comments?post=839"}],"version-history":[{"count":11,"href":"https:\/\/les-plaisirs-gourmands.com\/de\/wp-json\/wp\/v2\/pages\/839\/revisions"}],"predecessor-version":[{"id":851,"href":"https:\/\/les-plaisirs-gourmands.com\/de\/wp-json\/wp\/v2\/pages\/839\/revisions\/851"}],"wp:attachment":[{"href":"https:\/\/les-plaisirs-gourmands.com\/de\/wp-json\/wp\/v2\/media?parent=839"}],"curies":[{"name":"wp","href":"https:\/\/api.w.org\/{rel}","templated":true}]}}